{"id":3607,"date":"2024-10-14T19:42:44","date_gmt":"2024-10-14T19:42:44","guid":{"rendered":"https:\/\/letbek.com\/?post_type=product&#038;p=3607"},"modified":"2026-03-20T09:06:17","modified_gmt":"2026-03-20T09:06:17","slug":"danpael-roed-med-reflekser","status":"publish","type":"product","link":"https:\/\/letbek.com\/da\/shop\/letbek-trafik\/danpael-da\/danpael-roed-med-reflekser\/","title":{"rendered":"Afsp\u00e6rringscylinder \u2013 R\u00f8d med reflekser"},"content":{"rendered":"","protected":false},"excerpt":{"rendered":"<p><strong>R\u00f8d Afsp\u00e6rringscylinder af 100% genanvendt plast!<\/strong><br \/>\n\u2013 sikkerhed, synlighed og b\u00e6redygtighed til byggepladsen.<\/p>\n<p>Vores r\u00f8de afsp\u00e6rringscylinder, fremstillet af 100% genanvendt plast, er en konkurrencedygtig og holdbar l\u00f8sning til afsp\u00e6rring og afm\u00e6rkning p\u00e5 byggepladser.<\/p>\n<p>Cylinderen er udstyret med reflekser, der sikrer maksimal synlighed i b\u00e5de dagslys og m\u00f8rke, og kan f\u00e5s b\u00e5de med og uden logo, alt efter dine behov.<\/p>\n","protected":false},"featured_media":3617,"template":"","meta":{"_acf_changed":false,"site-sidebar-layout":"default","site-content-layout":"","ast-site-content-layout":"default","site-content-style":"default","site-sidebar-style":"default","ast-global-header-display":"","ast-banner-title-visibility":"","ast-main-header-display":"","ast-hfb-above-header-display":"","ast-hfb-below-header-display":"","ast-hfb-mobile-header-display":"","site-post-title":"","ast-breadcrumbs-content":"","ast-featured-img":"","footer-sml-layout":"","ast-disable-related-posts":"","theme-transparent-header-meta":"default","adv-header-id-meta":"","stick-header-meta":"default","header-above-stick-meta":"","header-main-stick-meta":"","header-below-stick-meta":"","astra-migrate-meta-layouts":"set","ast-page-background-enabled":"default","ast-page-background-meta":{"desktop":{"background-color":"var(--ast-global-color-4)","background-image":"","background-repeat":"repeat","background-position":"center center","background-size":"auto","background-attachment":"scroll","background-type":"","background-media":"","overlay-type":"","overlay-color":"","overlay-opacity":"","overlay-gradient":""},"tablet":{"background-color":"","background-image":"","background-repeat":"repeat","background-position":"center center","background-size":"auto","background-attachment":"scroll","background-type":"","background-media":"","overlay-type":"","overlay-color":"","overlay-opacity":"","overlay-gradient":""},"mobile":{"background-color":"","background-image":"","background-repeat":"repeat","background-position":"center center","background-size":"auto","background-attachment":"scroll","background-type":"","background-media":"","overlay-type":"","overlay-color":"","overlay-opacity":"","overlay-gradient":""}},"ast-content-background-meta":{"desktop":{"background-color":"var(--ast-global-color-5)","background-image":"","background-repeat":"repeat","background-position":"center center","background-size":"auto","background-attachment":"scroll","background-type":"","background-media":"","overlay-type":"","overlay-color":"","overlay-opacity":"","overlay-gradient":""},"tablet":{"background-color":"var(--ast-global-color-5)","background-image":"","background-repeat":"repeat","background-position":"center center","background-size":"auto","background-attachment":"scroll","background-type":"","background-media":"","overlay-type":"","overlay-color":"","overlay-opacity":"","overlay-gradient":""},"mobile":{"background-color":"var(--ast-global-color-5)","background-image":"","background-repeat":"repeat","background-position":"center center","background-size":"auto","background-attachment":"scroll","background-type":"","background-media":"","overlay-type":"","overlay-color":"","overlay-opacity":"","overlay-gradient":""}}},"product_brand":[],"product_cat":[389,122,116],"product_tag":[],"class_list":{"0":"post-3607","1":"product","2":"type-product","3":"status-publish","4":"has-post-thumbnail","6":"product_cat-danpael-da","7":"product_cat-letbek-byg","8":"product_cat-letbek-trafik","9":"desktop-align-left","10":"tablet-align-left","11":"mobile-align-left","12":"ast-product-gallery-layout-vertical-slider","13":"ast-product-gallery-with-no-image","14":"ast-product-tabs-layout-vertical","15":"ast-qv-on-image","17":"first","18":"instock","19":"taxable","20":"shipping-taxable","21":"purchasable","22":"product-type-simple"},"acf":[],"yoast_head":"<!-- This site is optimized with the Yoast SEO plugin v27.5 - https:\/\/yoast.com\/product\/yoast-seo-wordpress\/ -->\n<title>Danp\u00e6l R\u00f8d med Reflekser \u2013 Trafikp\u00e6l i genbrugsplast | LETBEK<\/title>\n<meta name=\"description\" content=\"R\u00f8d Danp\u00e6l fra LETBEK med hvide reflekser \u2013 lavet i genbrugsplast. Ideel til sikker, synlig afm\u00e6rkning i trafikale omr\u00e5der og byggepladser.\" \/>\n<meta name=\"robots\" content=\"index, follow, max-snippet:-1, max-image-preview:large, max-video-preview:-1\" \/>\n<link rel=\"canonical\" href=\"https:\/\/letbek.com\/da\/shop\/letbek-trafik\/danpael-da\/danpael-roed-med-reflekser\/\" \/>\n<meta property=\"og:locale\" content=\"da_DK\" \/>\n<meta property=\"og:type\" content=\"article\" \/>\n<meta property=\"og:title\" content=\"Danp\u00e6l R\u00f8d med Reflekser \u2013 Trafikp\u00e6l i genbrugsplast | LETBEK\" \/>\n<meta property=\"og:description\" content=\"R\u00f8d Danp\u00e6l fra LETBEK med hvide reflekser \u2013 lavet i genbrugsplast. Ideel til sikker, synlig afm\u00e6rkning i trafikale omr\u00e5der og byggepladser.\" \/>\n<meta property=\"og:url\" content=\"https:\/\/letbek.com\/da\/shop\/letbek-trafik\/danpael-da\/danpael-roed-med-reflekser\/\" \/>\n<meta property=\"og:site_name\" content=\"LETBEK\" \/>\n<meta property=\"article:modified_time\" content=\"2026-03-20T09:06:17+00:00\" \/>\n<meta property=\"og:image\" content=\"https:\/\/letbek.com\/wp-content\/uploads\/2024\/10\/Letbek-24.06.19.-Produktbilleder6223-scaled.jpg\" \/>\n\t<meta property=\"og:image:width\" content=\"1707\" \/>\n\t<meta property=\"og:image:height\" content=\"2560\" \/>\n\t<meta property=\"og:image:type\" content=\"image\/jpeg\" \/>\n<meta name=\"twitter:card\" content=\"summary_large_image\" \/>\n<meta name=\"twitter:label1\" content=\"Estimeret l\u00e6setid\" \/>\n\t<meta name=\"twitter:data1\" content=\"1 minut\" \/>\n<script type=\"application\/ld+json\" class=\"yoast-schema-graph\">{\"@context\":\"https:\\\/\\\/schema.org\",\"@graph\":[{\"@type\":\"WebPage\",\"@id\":\"https:\\\/\\\/letbek.com\\\/da\\\/shop\\\/letbek-trafik\\\/danpael-da\\\/danpael-roed-med-reflekser\\\/\",\"url\":\"https:\\\/\\\/letbek.com\\\/da\\\/shop\\\/letbek-trafik\\\/danpael-da\\\/danpael-roed-med-reflekser\\\/\",\"name\":\"Danp\u00e6l R\u00f8d med Reflekser \u2013 Trafikp\u00e6l i genbrugsplast | LETBEK\",\"isPartOf\":{\"@id\":\"https:\\\/\\\/letbek.com\\\/da\\\/#website\"},\"primaryImageOfPage\":{\"@id\":\"https:\\\/\\\/letbek.com\\\/da\\\/shop\\\/letbek-trafik\\\/danpael-da\\\/danpael-roed-med-reflekser\\\/#primaryimage\"},\"image\":{\"@id\":\"https:\\\/\\\/letbek.com\\\/da\\\/shop\\\/letbek-trafik\\\/danpael-da\\\/danpael-roed-med-reflekser\\\/#primaryimage\"},\"thumbnailUrl\":\"https:\\\/\\\/letbek.com\\\/wp-content\\\/uploads\\\/2024\\\/10\\\/Letbek-24.06.19.-Produktbilleder6223-scaled.jpg\",\"datePublished\":\"2024-10-14T19:42:44+00:00\",\"dateModified\":\"2026-03-20T09:06:17+00:00\",\"description\":\"R\u00f8d Danp\u00e6l fra LETBEK med hvide reflekser \u2013 lavet i genbrugsplast. Ideel til sikker, synlig afm\u00e6rkning i trafikale omr\u00e5der og byggepladser.\",\"breadcrumb\":{\"@id\":\"https:\\\/\\\/letbek.com\\\/da\\\/shop\\\/letbek-trafik\\\/danpael-da\\\/danpael-roed-med-reflekser\\\/#breadcrumb\"},\"inLanguage\":\"da-DK\",\"potentialAction\":[{\"@type\":\"ReadAction\",\"target\":[\"https:\\\/\\\/letbek.com\\\/da\\\/shop\\\/letbek-trafik\\\/danpael-da\\\/danpael-roed-med-reflekser\\\/\"]}]},{\"@type\":\"ImageObject\",\"inLanguage\":\"da-DK\",\"@id\":\"https:\\\/\\\/letbek.com\\\/da\\\/shop\\\/letbek-trafik\\\/danpael-da\\\/danpael-roed-med-reflekser\\\/#primaryimage\",\"url\":\"https:\\\/\\\/letbek.com\\\/wp-content\\\/uploads\\\/2024\\\/10\\\/Letbek-24.06.19.-Produktbilleder6223-scaled.jpg\",\"contentUrl\":\"https:\\\/\\\/letbek.com\\\/wp-content\\\/uploads\\\/2024\\\/10\\\/Letbek-24.06.19.-Produktbilleder6223-scaled.jpg\",\"width\":1707,\"height\":2560},{\"@type\":\"BreadcrumbList\",\"@id\":\"https:\\\/\\\/letbek.com\\\/da\\\/shop\\\/letbek-trafik\\\/danpael-da\\\/danpael-roed-med-reflekser\\\/#breadcrumb\",\"itemListElement\":[{\"@type\":\"ListItem\",\"position\":1,\"name\":\"Home\",\"item\":\"https:\\\/\\\/letbek.com\\\/da\\\/\"},{\"@type\":\"ListItem\",\"position\":2,\"name\":\"Varer\",\"item\":\"https:\\\/\\\/letbek.com\\\/da\\\/shop\\\/\"},{\"@type\":\"ListItem\",\"position\":3,\"name\":\"Afsp\u00e6rringscylinder \u2013 R\u00f8d med reflekser\"}]},{\"@type\":\"WebSite\",\"@id\":\"https:\\\/\\\/letbek.com\\\/da\\\/#website\",\"url\":\"https:\\\/\\\/letbek.com\\\/da\\\/\",\"name\":\"LETBEK\",\"description\":\"Re-imagineering plastic\",\"publisher\":{\"@id\":\"https:\\\/\\\/letbek.com\\\/da\\\/#organization\"},\"potentialAction\":[{\"@type\":\"SearchAction\",\"target\":{\"@type\":\"EntryPoint\",\"urlTemplate\":\"https:\\\/\\\/letbek.com\\\/da\\\/?s={search_term_string}\"},\"query-input\":{\"@type\":\"PropertyValueSpecification\",\"valueRequired\":true,\"valueName\":\"search_term_string\"}}],\"inLanguage\":\"da-DK\"},{\"@type\":\"Organization\",\"@id\":\"https:\\\/\\\/letbek.com\\\/da\\\/#organization\",\"name\":\"LETBEK\",\"url\":\"https:\\\/\\\/letbek.com\\\/da\\\/\",\"logo\":{\"@type\":\"ImageObject\",\"inLanguage\":\"da-DK\",\"@id\":\"https:\\\/\\\/letbek.com\\\/da\\\/#\\\/schema\\\/logo\\\/image\\\/\",\"url\":\"https:\\\/\\\/letbek.com\\\/wp-content\\\/uploads\\\/2025\\\/08\\\/Ny-logo-1.webp\",\"contentUrl\":\"https:\\\/\\\/letbek.com\\\/wp-content\\\/uploads\\\/2025\\\/08\\\/Ny-logo-1.webp\",\"width\":1920,\"height\":424,\"caption\":\"LETBEK\"},\"image\":{\"@id\":\"https:\\\/\\\/letbek.com\\\/da\\\/#\\\/schema\\\/logo\\\/image\\\/\"}}]}<\/script>\n<!-- \/ Yoast SEO plugin. -->","yoast_head_json":{"title":"Danp\u00e6l R\u00f8d med Reflekser \u2013 Trafikp\u00e6l i genbrugsplast | LETBEK","description":"R\u00f8d Danp\u00e6l fra LETBEK med hvide reflekser \u2013 lavet i genbrugsplast. Ideel til sikker, synlig afm\u00e6rkning i trafikale omr\u00e5der og byggepladser.","robots":{"index":"index","follow":"follow","max-snippet":"max-snippet:-1","max-image-preview":"max-image-preview:large","max-video-preview":"max-video-preview:-1"},"canonical":"https:\/\/letbek.com\/da\/shop\/letbek-trafik\/danpael-da\/danpael-roed-med-reflekser\/","og_locale":"da_DK","og_type":"article","og_title":"Danp\u00e6l R\u00f8d med Reflekser \u2013 Trafikp\u00e6l i genbrugsplast | LETBEK","og_description":"R\u00f8d Danp\u00e6l fra LETBEK med hvide reflekser \u2013 lavet i genbrugsplast. Ideel til sikker, synlig afm\u00e6rkning i trafikale omr\u00e5der og byggepladser.","og_url":"https:\/\/letbek.com\/da\/shop\/letbek-trafik\/danpael-da\/danpael-roed-med-reflekser\/","og_site_name":"LETBEK","article_modified_time":"2026-03-20T09:06:17+00:00","og_image":[{"width":1707,"height":2560,"url":"https:\/\/letbek.com\/wp-content\/uploads\/2024\/10\/Letbek-24.06.19.-Produktbilleder6223-scaled.jpg","type":"image\/jpeg"}],"twitter_card":"summary_large_image","twitter_misc":{"Estimeret l\u00e6setid":"1 minut"},"schema":{"@context":"https:\/\/schema.org","@graph":[{"@type":"WebPage","@id":"https:\/\/letbek.com\/da\/shop\/letbek-trafik\/danpael-da\/danpael-roed-med-reflekser\/","url":"https:\/\/letbek.com\/da\/shop\/letbek-trafik\/danpael-da\/danpael-roed-med-reflekser\/","name":"Danp\u00e6l R\u00f8d med Reflekser \u2013 Trafikp\u00e6l i genbrugsplast | LETBEK","isPartOf":{"@id":"https:\/\/letbek.com\/da\/#website"},"primaryImageOfPage":{"@id":"https:\/\/letbek.com\/da\/shop\/letbek-trafik\/danpael-da\/danpael-roed-med-reflekser\/#primaryimage"},"image":{"@id":"https:\/\/letbek.com\/da\/shop\/letbek-trafik\/danpael-da\/danpael-roed-med-reflekser\/#primaryimage"},"thumbnailUrl":"https:\/\/letbek.com\/wp-content\/uploads\/2024\/10\/Letbek-24.06.19.-Produktbilleder6223-scaled.jpg","datePublished":"2024-10-14T19:42:44+00:00","dateModified":"2026-03-20T09:06:17+00:00","description":"R\u00f8d Danp\u00e6l fra LETBEK med hvide reflekser \u2013 lavet i genbrugsplast. Ideel til sikker, synlig afm\u00e6rkning i trafikale omr\u00e5der og byggepladser.","breadcrumb":{"@id":"https:\/\/letbek.com\/da\/shop\/letbek-trafik\/danpael-da\/danpael-roed-med-reflekser\/#breadcrumb"},"inLanguage":"da-DK","potentialAction":[{"@type":"ReadAction","target":["https:\/\/letbek.com\/da\/shop\/letbek-trafik\/danpael-da\/danpael-roed-med-reflekser\/"]}]},{"@type":"ImageObject","inLanguage":"da-DK","@id":"https:\/\/letbek.com\/da\/shop\/letbek-trafik\/danpael-da\/danpael-roed-med-reflekser\/#primaryimage","url":"https:\/\/letbek.com\/wp-content\/uploads\/2024\/10\/Letbek-24.06.19.-Produktbilleder6223-scaled.jpg","contentUrl":"https:\/\/letbek.com\/wp-content\/uploads\/2024\/10\/Letbek-24.06.19.-Produktbilleder6223-scaled.jpg","width":1707,"height":2560},{"@type":"BreadcrumbList","@id":"https:\/\/letbek.com\/da\/shop\/letbek-trafik\/danpael-da\/danpael-roed-med-reflekser\/#breadcrumb","itemListElement":[{"@type":"ListItem","position":1,"name":"Home","item":"https:\/\/letbek.com\/da\/"},{"@type":"ListItem","position":2,"name":"Varer","item":"https:\/\/letbek.com\/da\/shop\/"},{"@type":"ListItem","position":3,"name":"Afsp\u00e6rringscylinder \u2013 R\u00f8d med reflekser"}]},{"@type":"WebSite","@id":"https:\/\/letbek.com\/da\/#website","url":"https:\/\/letbek.com\/da\/","name":"LETBEK","description":"Re-imagineering plastic","publisher":{"@id":"https:\/\/letbek.com\/da\/#organization"},"potentialAction":[{"@type":"SearchAction","target":{"@type":"EntryPoint","urlTemplate":"https:\/\/letbek.com\/da\/?s={search_term_string}"},"query-input":{"@type":"PropertyValueSpecification","valueRequired":true,"valueName":"search_term_string"}}],"inLanguage":"da-DK"},{"@type":"Organization","@id":"https:\/\/letbek.com\/da\/#organization","name":"LETBEK","url":"https:\/\/letbek.com\/da\/","logo":{"@type":"ImageObject","inLanguage":"da-DK","@id":"https:\/\/letbek.com\/da\/#\/schema\/logo\/image\/","url":"https:\/\/letbek.com\/wp-content\/uploads\/2025\/08\/Ny-logo-1.webp","contentUrl":"https:\/\/letbek.com\/wp-content\/uploads\/2025\/08\/Ny-logo-1.webp","width":1920,"height":424,"caption":"LETBEK"},"image":{"@id":"https:\/\/letbek.com\/da\/#\/schema\/logo\/image\/"}}]}},"_links":{"self":[{"href":"https:\/\/letbek.com\/da\/wp-json\/wp\/v2\/product\/3607","targetHints":{"allow":["GET"]}}],"collection":[{"href":"https:\/\/letbek.com\/da\/wp-json\/wp\/v2\/product"}],"about":[{"href":"https:\/\/letbek.com\/da\/wp-json\/wp\/v2\/types\/product"}],"wp:featuredmedia":[{"embeddable":true,"href":"https:\/\/letbek.com\/da\/wp-json\/wp\/v2\/media\/3617"}],"wp:attachment":[{"href":"https:\/\/letbek.com\/da\/wp-json\/wp\/v2\/media?parent=3607"}],"wp:term":[{"taxonomy":"product_brand","embeddable":true,"href":"https:\/\/letbek.com\/da\/wp-json\/wp\/v2\/product_brand?post=3607"},{"taxonomy":"product_cat","embeddable":true,"href":"https:\/\/letbek.com\/da\/wp-json\/wp\/v2\/product_cat?post=3607"},{"taxonomy":"product_tag","embeddable":true,"href":"https:\/\/letbek.com\/da\/wp-json\/wp\/v2\/product_tag?post=3607"}],"curies":[{"name":"wp","href":"https:\/\/api.w.org\/{rel}","templated":true}]}}