{"id":3303,"date":"2024-03-19T09:25:20","date_gmt":"2024-03-19T09:25:20","guid":{"rendered":"https:\/\/letbek.com\/shop\/Ikke%20kategoriseret\/markeringsbaand-gul-100x01-mm-i-rl-a-500-mtr\/"},"modified":"2026-03-23T06:33:08","modified_gmt":"2026-03-23T06:33:08","slug":"markeringsbaand-gul-100x01-mm-i-rl-a-500-mtr","status":"publish","type":"product","link":"https:\/\/letbek.com\/da\/shop\/letbek-kabelbeskyttelse\/markeringsband\/markeringsbaand-gul-100x01-mm-i-rl-a-500-mtr\/","title":{"rendered":"Markeringsb\u00e5nd &#8211; Gul 100&#215;0,1 mm i rl. \u00e1 500 mtr."},"content":{"rendered":"","protected":false},"excerpt":{"rendered":"<p class=\"font-claude-response-body break-words whitespace-normal leading-[1.7]\">\u00d8nskes markeringsb\u00e5nd i andre dimensioner, eller med anden tekst, send venligst en foresp\u00f8rgsel. Farven kan variere. Ret til \u00e6ndringer forbeholdes.<\/p>\n","protected":false},"featured_media":2832,"template":"","meta":{"_acf_changed":false,"site-sidebar-layout":"default","site-content-layout":"","ast-site-content-layout":"default","site-content-style":"default","site-sidebar-style":"default","ast-global-header-display":"","ast-banner-title-visibility":"","ast-main-header-display":"","ast-hfb-above-header-display":"","ast-hfb-below-header-display":"","ast-hfb-mobile-header-display":"","site-post-title":"","ast-breadcrumbs-content":"","ast-featured-img":"","footer-sml-layout":"","ast-disable-related-posts":"","theme-transparent-header-meta":"default","adv-header-id-meta":"","stick-header-meta":"default","header-above-stick-meta":"","header-main-stick-meta":"","header-below-stick-meta":"","astra-migrate-meta-layouts":"set","ast-page-background-enabled":"default","ast-page-background-meta":{"desktop":{"background-color":"var(--ast-global-color-4)","background-image":"","background-repeat":"repeat","background-position":"center center","background-size":"auto","background-attachment":"scroll","background-type":"","background-media":"","overlay-type":"","overlay-color":"","overlay-opacity":"","overlay-gradient":""},"tablet":{"background-color":"","background-image":"","background-repeat":"repeat","background-position":"center center","background-size":"auto","background-attachment":"scroll","background-type":"","background-media":"","overlay-type":"","overlay-color":"","overlay-opacity":"","overlay-gradient":""},"mobile":{"background-color":"","background-image":"","background-repeat":"repeat","background-position":"center center","background-size":"auto","background-attachment":"scroll","background-type":"","background-media":"","overlay-type":"","overlay-color":"","overlay-opacity":"","overlay-gradient":""}},"ast-content-background-meta":{"desktop":{"background-color":"var(--ast-global-color-5)","background-image":"","background-repeat":"repeat","background-position":"center center","background-size":"auto","background-attachment":"scroll","background-type":"","background-media":"","overlay-type":"","overlay-color":"","overlay-opacity":"","overlay-gradient":""},"tablet":{"background-color":"var(--ast-global-color-5)","background-image":"","background-repeat":"repeat","background-position":"center center","background-size":"auto","background-attachment":"scroll","background-type":"","background-media":"","overlay-type":"","overlay-color":"","overlay-opacity":"","overlay-gradient":""},"mobile":{"background-color":"var(--ast-global-color-5)","background-image":"","background-repeat":"repeat","background-position":"center center","background-size":"auto","background-attachment":"scroll","background-type":"","background-media":"","overlay-type":"","overlay-color":"","overlay-opacity":"","overlay-gradient":""}}},"product_brand":[],"product_cat":[122,341,351,382],"product_tag":[],"class_list":{"0":"post-3303","1":"product","2":"type-product","3":"status-publish","4":"has-post-thumbnail","6":"product_cat-letbek-byg","7":"product_cat-letbek-kabelbeskyttelse","8":"product_cat-markeringsband","9":"product_cat-markeringsbaand","10":"desktop-align-left","11":"tablet-align-left","12":"mobile-align-left","13":"ast-product-gallery-layout-vertical-slider","14":"ast-product-gallery-with-no-image","15":"ast-product-tabs-layout-vertical","16":"ast-qv-on-image","18":"first","19":"instock","20":"taxable","21":"shipping-taxable","22":"purchasable","23":"product-type-simple"},"acf":[],"yoast_head":"<!-- This site is optimized with the Yoast SEO plugin v27.5 - https:\/\/yoast.com\/product\/yoast-seo-wordpress\/ -->\n<title>Markeringsb\u00e5nd gul 100x0,1 mm | LETBEK<\/title>\n<meta name=\"description\" content=\"Slidst\u00e6rkt gult markeringsb\u00e5nd p\u00e5 500 meter rulle \u2013 100x0,1 mm. Ideel til effektiv markering og sikkerhedsopm\u00e6rkning under jorden.\" \/>\n<meta name=\"robots\" content=\"index, follow, max-snippet:-1, max-image-preview:large, max-video-preview:-1\" \/>\n<link rel=\"canonical\" href=\"https:\/\/letbek.com\/da\/shop\/letbek-kabelbeskyttelse\/markeringsband\/markeringsbaand-gul-100x01-mm-i-rl-a-500-mtr\/\" \/>\n<meta property=\"og:locale\" content=\"da_DK\" \/>\n<meta property=\"og:type\" content=\"article\" \/>\n<meta property=\"og:title\" content=\"Markeringsb\u00e5nd gul 100x0,1 mm | LETBEK\" \/>\n<meta property=\"og:description\" content=\"Slidst\u00e6rkt gult markeringsb\u00e5nd p\u00e5 500 meter rulle \u2013 100x0,1 mm. Ideel til effektiv markering og sikkerhedsopm\u00e6rkning under jorden.\" \/>\n<meta property=\"og:url\" content=\"https:\/\/letbek.com\/da\/shop\/letbek-kabelbeskyttelse\/markeringsband\/markeringsbaand-gul-100x01-mm-i-rl-a-500-mtr\/\" \/>\n<meta property=\"og:site_name\" content=\"LETBEK\" \/>\n<meta property=\"article:modified_time\" content=\"2026-03-23T06:33:08+00:00\" \/>\n<meta property=\"og:image\" content=\"https:\/\/letbek.com\/wp-content\/uploads\/2024\/06\/Letbek-24.06.19.-Produktbilleder6395-scaled.jpg\" \/>\n\t<meta property=\"og:image:width\" content=\"2560\" \/>\n\t<meta property=\"og:image:height\" content=\"1706\" \/>\n\t<meta property=\"og:image:type\" content=\"image\/jpeg\" \/>\n<meta name=\"twitter:card\" content=\"summary_large_image\" \/>\n<meta name=\"twitter:label1\" content=\"Estimeret l\u00e6setid\" \/>\n\t<meta name=\"twitter:data1\" content=\"1 minut\" \/>\n<script type=\"application\/ld+json\" class=\"yoast-schema-graph\">{\"@context\":\"https:\\\/\\\/schema.org\",\"@graph\":[{\"@type\":\"WebPage\",\"@id\":\"https:\\\/\\\/letbek.com\\\/da\\\/shop\\\/letbek-kabelbeskyttelse\\\/markeringsband\\\/markeringsbaand-gul-100x01-mm-i-rl-a-500-mtr\\\/\",\"url\":\"https:\\\/\\\/letbek.com\\\/da\\\/shop\\\/letbek-kabelbeskyttelse\\\/markeringsband\\\/markeringsbaand-gul-100x01-mm-i-rl-a-500-mtr\\\/\",\"name\":\"Markeringsb\u00e5nd gul 100x0,1 mm | LETBEK\",\"isPartOf\":{\"@id\":\"https:\\\/\\\/letbek.com\\\/da\\\/#website\"},\"primaryImageOfPage\":{\"@id\":\"https:\\\/\\\/letbek.com\\\/da\\\/shop\\\/letbek-kabelbeskyttelse\\\/markeringsband\\\/markeringsbaand-gul-100x01-mm-i-rl-a-500-mtr\\\/#primaryimage\"},\"image\":{\"@id\":\"https:\\\/\\\/letbek.com\\\/da\\\/shop\\\/letbek-kabelbeskyttelse\\\/markeringsband\\\/markeringsbaand-gul-100x01-mm-i-rl-a-500-mtr\\\/#primaryimage\"},\"thumbnailUrl\":\"https:\\\/\\\/letbek.com\\\/wp-content\\\/uploads\\\/2024\\\/06\\\/Letbek-24.06.19.-Produktbilleder6395-scaled.jpg\",\"datePublished\":\"2024-03-19T09:25:20+00:00\",\"dateModified\":\"2026-03-23T06:33:08+00:00\",\"description\":\"Slidst\u00e6rkt gult markeringsb\u00e5nd p\u00e5 500 meter rulle \u2013 100x0,1 mm. Ideel til effektiv markering og sikkerhedsopm\u00e6rkning under jorden.\",\"breadcrumb\":{\"@id\":\"https:\\\/\\\/letbek.com\\\/da\\\/shop\\\/letbek-kabelbeskyttelse\\\/markeringsband\\\/markeringsbaand-gul-100x01-mm-i-rl-a-500-mtr\\\/#breadcrumb\"},\"inLanguage\":\"da-DK\",\"potentialAction\":[{\"@type\":\"ReadAction\",\"target\":[\"https:\\\/\\\/letbek.com\\\/da\\\/shop\\\/letbek-kabelbeskyttelse\\\/markeringsband\\\/markeringsbaand-gul-100x01-mm-i-rl-a-500-mtr\\\/\"]}]},{\"@type\":\"ImageObject\",\"inLanguage\":\"da-DK\",\"@id\":\"https:\\\/\\\/letbek.com\\\/da\\\/shop\\\/letbek-kabelbeskyttelse\\\/markeringsband\\\/markeringsbaand-gul-100x01-mm-i-rl-a-500-mtr\\\/#primaryimage\",\"url\":\"https:\\\/\\\/letbek.com\\\/wp-content\\\/uploads\\\/2024\\\/06\\\/Letbek-24.06.19.-Produktbilleder6395-scaled.jpg\",\"contentUrl\":\"https:\\\/\\\/letbek.com\\\/wp-content\\\/uploads\\\/2024\\\/06\\\/Letbek-24.06.19.-Produktbilleder6395-scaled.jpg\",\"width\":2560,\"height\":1706},{\"@type\":\"BreadcrumbList\",\"@id\":\"https:\\\/\\\/letbek.com\\\/da\\\/shop\\\/letbek-kabelbeskyttelse\\\/markeringsband\\\/markeringsbaand-gul-100x01-mm-i-rl-a-500-mtr\\\/#breadcrumb\",\"itemListElement\":[{\"@type\":\"ListItem\",\"position\":1,\"name\":\"Home\",\"item\":\"https:\\\/\\\/letbek.com\\\/da\\\/\"},{\"@type\":\"ListItem\",\"position\":2,\"name\":\"Varer\",\"item\":\"https:\\\/\\\/letbek.com\\\/da\\\/shop\\\/\"},{\"@type\":\"ListItem\",\"position\":3,\"name\":\"Markeringsb\u00e5nd &#8211; Gul 100&#215;0,1 mm i rl. \u00e1 500 mtr.\"}]},{\"@type\":\"WebSite\",\"@id\":\"https:\\\/\\\/letbek.com\\\/da\\\/#website\",\"url\":\"https:\\\/\\\/letbek.com\\\/da\\\/\",\"name\":\"LETBEK\",\"description\":\"Re-imagineering plastic\",\"publisher\":{\"@id\":\"https:\\\/\\\/letbek.com\\\/da\\\/#organization\"},\"potentialAction\":[{\"@type\":\"SearchAction\",\"target\":{\"@type\":\"EntryPoint\",\"urlTemplate\":\"https:\\\/\\\/letbek.com\\\/da\\\/?s={search_term_string}\"},\"query-input\":{\"@type\":\"PropertyValueSpecification\",\"valueRequired\":true,\"valueName\":\"search_term_string\"}}],\"inLanguage\":\"da-DK\"},{\"@type\":\"Organization\",\"@id\":\"https:\\\/\\\/letbek.com\\\/da\\\/#organization\",\"name\":\"LETBEK\",\"url\":\"https:\\\/\\\/letbek.com\\\/da\\\/\",\"logo\":{\"@type\":\"ImageObject\",\"inLanguage\":\"da-DK\",\"@id\":\"https:\\\/\\\/letbek.com\\\/da\\\/#\\\/schema\\\/logo\\\/image\\\/\",\"url\":\"https:\\\/\\\/letbek.com\\\/wp-content\\\/uploads\\\/2025\\\/08\\\/Ny-logo-1.webp\",\"contentUrl\":\"https:\\\/\\\/letbek.com\\\/wp-content\\\/uploads\\\/2025\\\/08\\\/Ny-logo-1.webp\",\"width\":1920,\"height\":424,\"caption\":\"LETBEK\"},\"image\":{\"@id\":\"https:\\\/\\\/letbek.com\\\/da\\\/#\\\/schema\\\/logo\\\/image\\\/\"}}]}<\/script>\n<!-- \/ Yoast SEO plugin. -->","yoast_head_json":{"title":"Markeringsb\u00e5nd gul 100x0,1 mm | LETBEK","description":"Slidst\u00e6rkt gult markeringsb\u00e5nd p\u00e5 500 meter rulle \u2013 100x0,1 mm. Ideel til effektiv markering og sikkerhedsopm\u00e6rkning under jorden.","robots":{"index":"index","follow":"follow","max-snippet":"max-snippet:-1","max-image-preview":"max-image-preview:large","max-video-preview":"max-video-preview:-1"},"canonical":"https:\/\/letbek.com\/da\/shop\/letbek-kabelbeskyttelse\/markeringsband\/markeringsbaand-gul-100x01-mm-i-rl-a-500-mtr\/","og_locale":"da_DK","og_type":"article","og_title":"Markeringsb\u00e5nd gul 100x0,1 mm | LETBEK","og_description":"Slidst\u00e6rkt gult markeringsb\u00e5nd p\u00e5 500 meter rulle \u2013 100x0,1 mm. Ideel til effektiv markering og sikkerhedsopm\u00e6rkning under jorden.","og_url":"https:\/\/letbek.com\/da\/shop\/letbek-kabelbeskyttelse\/markeringsband\/markeringsbaand-gul-100x01-mm-i-rl-a-500-mtr\/","og_site_name":"LETBEK","article_modified_time":"2026-03-23T06:33:08+00:00","og_image":[{"width":2560,"height":1706,"url":"https:\/\/letbek.com\/wp-content\/uploads\/2024\/06\/Letbek-24.06.19.-Produktbilleder6395-scaled.jpg","type":"image\/jpeg"}],"twitter_card":"summary_large_image","twitter_misc":{"Estimeret l\u00e6setid":"1 minut"},"schema":{"@context":"https:\/\/schema.org","@graph":[{"@type":"WebPage","@id":"https:\/\/letbek.com\/da\/shop\/letbek-kabelbeskyttelse\/markeringsband\/markeringsbaand-gul-100x01-mm-i-rl-a-500-mtr\/","url":"https:\/\/letbek.com\/da\/shop\/letbek-kabelbeskyttelse\/markeringsband\/markeringsbaand-gul-100x01-mm-i-rl-a-500-mtr\/","name":"Markeringsb\u00e5nd gul 100x0,1 mm | LETBEK","isPartOf":{"@id":"https:\/\/letbek.com\/da\/#website"},"primaryImageOfPage":{"@id":"https:\/\/letbek.com\/da\/shop\/letbek-kabelbeskyttelse\/markeringsband\/markeringsbaand-gul-100x01-mm-i-rl-a-500-mtr\/#primaryimage"},"image":{"@id":"https:\/\/letbek.com\/da\/shop\/letbek-kabelbeskyttelse\/markeringsband\/markeringsbaand-gul-100x01-mm-i-rl-a-500-mtr\/#primaryimage"},"thumbnailUrl":"https:\/\/letbek.com\/wp-content\/uploads\/2024\/06\/Letbek-24.06.19.-Produktbilleder6395-scaled.jpg","datePublished":"2024-03-19T09:25:20+00:00","dateModified":"2026-03-23T06:33:08+00:00","description":"Slidst\u00e6rkt gult markeringsb\u00e5nd p\u00e5 500 meter rulle \u2013 100x0,1 mm. Ideel til effektiv markering og sikkerhedsopm\u00e6rkning under jorden.","breadcrumb":{"@id":"https:\/\/letbek.com\/da\/shop\/letbek-kabelbeskyttelse\/markeringsband\/markeringsbaand-gul-100x01-mm-i-rl-a-500-mtr\/#breadcrumb"},"inLanguage":"da-DK","potentialAction":[{"@type":"ReadAction","target":["https:\/\/letbek.com\/da\/shop\/letbek-kabelbeskyttelse\/markeringsband\/markeringsbaand-gul-100x01-mm-i-rl-a-500-mtr\/"]}]},{"@type":"ImageObject","inLanguage":"da-DK","@id":"https:\/\/letbek.com\/da\/shop\/letbek-kabelbeskyttelse\/markeringsband\/markeringsbaand-gul-100x01-mm-i-rl-a-500-mtr\/#primaryimage","url":"https:\/\/letbek.com\/wp-content\/uploads\/2024\/06\/Letbek-24.06.19.-Produktbilleder6395-scaled.jpg","contentUrl":"https:\/\/letbek.com\/wp-content\/uploads\/2024\/06\/Letbek-24.06.19.-Produktbilleder6395-scaled.jpg","width":2560,"height":1706},{"@type":"BreadcrumbList","@id":"https:\/\/letbek.com\/da\/shop\/letbek-kabelbeskyttelse\/markeringsband\/markeringsbaand-gul-100x01-mm-i-rl-a-500-mtr\/#breadcrumb","itemListElement":[{"@type":"ListItem","position":1,"name":"Home","item":"https:\/\/letbek.com\/da\/"},{"@type":"ListItem","position":2,"name":"Varer","item":"https:\/\/letbek.com\/da\/shop\/"},{"@type":"ListItem","position":3,"name":"Markeringsb\u00e5nd &#8211; Gul 100&#215;0,1 mm i rl. \u00e1 500 mtr."}]},{"@type":"WebSite","@id":"https:\/\/letbek.com\/da\/#website","url":"https:\/\/letbek.com\/da\/","name":"LETBEK","description":"Re-imagineering plastic","publisher":{"@id":"https:\/\/letbek.com\/da\/#organization"},"potentialAction":[{"@type":"SearchAction","target":{"@type":"EntryPoint","urlTemplate":"https:\/\/letbek.com\/da\/?s={search_term_string}"},"query-input":{"@type":"PropertyValueSpecification","valueRequired":true,"valueName":"search_term_string"}}],"inLanguage":"da-DK"},{"@type":"Organization","@id":"https:\/\/letbek.com\/da\/#organization","name":"LETBEK","url":"https:\/\/letbek.com\/da\/","logo":{"@type":"ImageObject","inLanguage":"da-DK","@id":"https:\/\/letbek.com\/da\/#\/schema\/logo\/image\/","url":"https:\/\/letbek.com\/wp-content\/uploads\/2025\/08\/Ny-logo-1.webp","contentUrl":"https:\/\/letbek.com\/wp-content\/uploads\/2025\/08\/Ny-logo-1.webp","width":1920,"height":424,"caption":"LETBEK"},"image":{"@id":"https:\/\/letbek.com\/da\/#\/schema\/logo\/image\/"}}]}},"_links":{"self":[{"href":"https:\/\/letbek.com\/da\/wp-json\/wp\/v2\/product\/3303","targetHints":{"allow":["GET"]}}],"collection":[{"href":"https:\/\/letbek.com\/da\/wp-json\/wp\/v2\/product"}],"about":[{"href":"https:\/\/letbek.com\/da\/wp-json\/wp\/v2\/types\/product"}],"wp:featuredmedia":[{"embeddable":true,"href":"https:\/\/letbek.com\/da\/wp-json\/wp\/v2\/media\/2832"}],"wp:attachment":[{"href":"https:\/\/letbek.com\/da\/wp-json\/wp\/v2\/media?parent=3303"}],"wp:term":[{"taxonomy":"product_brand","embeddable":true,"href":"https:\/\/letbek.com\/da\/wp-json\/wp\/v2\/product_brand?post=3303"},{"taxonomy":"product_cat","embeddable":true,"href":"https:\/\/letbek.com\/da\/wp-json\/wp\/v2\/product_cat?post=3303"},{"taxonomy":"product_tag","embeddable":true,"href":"https:\/\/letbek.com\/da\/wp-json\/wp\/v2\/product_tag?post=3303"}],"curies":[{"name":"wp","href":"https:\/\/api.w.org\/{rel}","templated":true}]}}