{"id":3185,"date":"2024-08-27T10:28:49","date_gmt":"2024-08-27T10:28:49","guid":{"rendered":"https:\/\/letbek.com\/?post_type=product&#038;p=3185"},"modified":"2025-06-02T11:39:55","modified_gmt":"2025-06-02T11:39:55","slug":"kabelafdaek-rod-400x20-mm-i-rl-a-50-mtr-copy","status":"publish","type":"product","link":"https:\/\/letbek.com\/da\/shop\/letbek-kabelbeskyttelse\/kabelafdaek-da\/kabelafdaek-rod-400x20-mm-i-rl-a-50-mtr-copy\/","title":{"rendered":"Kabelafd\u00e6k &#8211; Violet &#8211; 100&#215;1,5 mm i rl. \u00e1 50 mtr."},"content":{"rendered":"","protected":false},"excerpt":{"rendered":"<p>Vores kabelafd\u00e6k er produceret med en specialdesignet tekst.<br \/>\nVenligst efterlad en kommentar med din tekst.<\/p>\n<p>Andre dimensioner er produceret efter ordre. Hvis du har special\u00f8nsker til fx navn og\/eller logo, send venligst foresp\u00f8rgsel. Farven kan variere.<br \/>\nRet til \u00e6ndring forbeholdes.<\/p>\n","protected":false},"featured_media":2283,"template":"","meta":{"_acf_changed":false,"site-sidebar-layout":"default","site-content-layout":"","ast-site-content-layout":"default","site-content-style":"default","site-sidebar-style":"default","ast-global-header-display":"","ast-banner-title-visibility":"","ast-main-header-display":"","ast-hfb-above-header-display":"","ast-hfb-below-header-display":"","ast-hfb-mobile-header-display":"","site-post-title":"","ast-breadcrumbs-content":"","ast-featured-img":"","footer-sml-layout":"","ast-disable-related-posts":"","theme-transparent-header-meta":"default","adv-header-id-meta":"","stick-header-meta":"default","header-above-stick-meta":"","header-main-stick-meta":"","header-below-stick-meta":"","astra-migrate-meta-layouts":"set","ast-page-background-enabled":"default","ast-page-background-meta":{"desktop":{"background-color":"var(--ast-global-color-4)","background-image":"","background-repeat":"repeat","background-position":"center center","background-size":"auto","background-attachment":"scroll","background-type":"","background-media":"","overlay-type":"","overlay-color":"","overlay-opacity":"","overlay-gradient":""},"tablet":{"background-color":"","background-image":"","background-repeat":"repeat","background-position":"center center","background-size":"auto","background-attachment":"scroll","background-type":"","background-media":"","overlay-type":"","overlay-color":"","overlay-opacity":"","overlay-gradient":""},"mobile":{"background-color":"","background-image":"","background-repeat":"repeat","background-position":"center center","background-size":"auto","background-attachment":"scroll","background-type":"","background-media":"","overlay-type":"","overlay-color":"","overlay-opacity":"","overlay-gradient":""}},"ast-content-background-meta":{"desktop":{"background-color":"var(--ast-global-color-5)","background-image":"","background-repeat":"repeat","background-position":"center center","background-size":"auto","background-attachment":"scroll","background-type":"","background-media":"","overlay-type":"","overlay-color":"","overlay-opacity":"","overlay-gradient":""},"tablet":{"background-color":"var(--ast-global-color-5)","background-image":"","background-repeat":"repeat","background-position":"center center","background-size":"auto","background-attachment":"scroll","background-type":"","background-media":"","overlay-type":"","overlay-color":"","overlay-opacity":"","overlay-gradient":""},"mobile":{"background-color":"var(--ast-global-color-5)","background-image":"","background-repeat":"repeat","background-position":"center center","background-size":"auto","background-attachment":"scroll","background-type":"","background-media":"","overlay-type":"","overlay-color":"","overlay-opacity":"","overlay-gradient":""}}},"product_brand":[],"product_cat":[339,383,122,341],"product_tag":[],"class_list":{"0":"post-3185","1":"product","2":"type-product","3":"status-publish","4":"has-post-thumbnail","6":"product_cat-kabelafdaek","7":"product_cat-kabelafdaek-da","8":"product_cat-letbek-byg","9":"product_cat-letbek-kabelbeskyttelse","10":"desktop-align-left","11":"tablet-align-left","12":"mobile-align-left","13":"ast-product-gallery-layout-vertical-slider","14":"ast-product-gallery-with-no-image","15":"ast-product-tabs-layout-vertical","16":"ast-qv-on-image","18":"first","19":"instock","20":"taxable","21":"shipping-taxable","22":"purchasable","23":"product-type-simple"},"acf":[],"yoast_head":"<!-- This site is optimized with the Yoast SEO plugin v27.5 - https:\/\/yoast.com\/product\/yoast-seo-wordpress\/ -->\n<title>Kabelafd\u00e6k 400\u00d720 mm violet \u2013 Genanvendt plast | LETBEK<\/title>\n<meta name=\"description\" content=\"Violet kabelafd\u00e6k i 400\u00d720 mm fremstillet i genanvendt plast. En robust og milj\u00f8venlig l\u00f8sning til sikker kabelf\u00f8ring og afm\u00e6rkning\" \/>\n<meta name=\"robots\" content=\"index, follow, max-snippet:-1, max-image-preview:large, max-video-preview:-1\" \/>\n<link rel=\"canonical\" href=\"https:\/\/letbek.com\/da\/shop\/letbek-kabelbeskyttelse\/kabelafdaek-da\/kabelafdaek-rod-400x20-mm-i-rl-a-50-mtr-copy\/\" \/>\n<meta property=\"og:locale\" content=\"da_DK\" \/>\n<meta property=\"og:type\" content=\"article\" \/>\n<meta property=\"og:title\" content=\"Kabelafd\u00e6k 400\u00d720 mm violet \u2013 Genanvendt plast | LETBEK\" \/>\n<meta property=\"og:description\" content=\"Violet kabelafd\u00e6k i 400\u00d720 mm fremstillet i genanvendt plast. En robust og milj\u00f8venlig l\u00f8sning til sikker kabelf\u00f8ring og afm\u00e6rkning\" \/>\n<meta property=\"og:url\" content=\"https:\/\/letbek.com\/da\/shop\/letbek-kabelbeskyttelse\/kabelafdaek-da\/kabelafdaek-rod-400x20-mm-i-rl-a-50-mtr-copy\/\" \/>\n<meta property=\"og:site_name\" content=\"LETBEK\" \/>\n<meta property=\"article:modified_time\" content=\"2025-06-02T11:39:55+00:00\" \/>\n<meta property=\"og:image\" content=\"https:\/\/letbek.com\/wp-content\/uploads\/2024\/03\/Markeringsband-Violet_Pas-Pa-Herunder-Fjernvarme.png\" \/>\n\t<meta property=\"og:image:width\" content=\"1920\" \/>\n\t<meta property=\"og:image:height\" content=\"1076\" \/>\n\t<meta property=\"og:image:type\" content=\"image\/png\" \/>\n<meta name=\"twitter:card\" content=\"summary_large_image\" \/>\n<meta name=\"twitter:label1\" content=\"Estimeret l\u00e6setid\" \/>\n\t<meta name=\"twitter:data1\" content=\"1 minut\" \/>\n<script type=\"application\/ld+json\" class=\"yoast-schema-graph\">{\"@context\":\"https:\\\/\\\/schema.org\",\"@graph\":[{\"@type\":\"WebPage\",\"@id\":\"https:\\\/\\\/letbek.com\\\/da\\\/shop\\\/letbek-kabelbeskyttelse\\\/kabelafdaek-da\\\/kabelafdaek-rod-400x20-mm-i-rl-a-50-mtr-copy\\\/\",\"url\":\"https:\\\/\\\/letbek.com\\\/da\\\/shop\\\/letbek-kabelbeskyttelse\\\/kabelafdaek-da\\\/kabelafdaek-rod-400x20-mm-i-rl-a-50-mtr-copy\\\/\",\"name\":\"Kabelafd\u00e6k 400\u00d720 mm violet \u2013 Genanvendt plast | LETBEK\",\"isPartOf\":{\"@id\":\"https:\\\/\\\/letbek.com\\\/da\\\/#website\"},\"primaryImageOfPage\":{\"@id\":\"https:\\\/\\\/letbek.com\\\/da\\\/shop\\\/letbek-kabelbeskyttelse\\\/kabelafdaek-da\\\/kabelafdaek-rod-400x20-mm-i-rl-a-50-mtr-copy\\\/#primaryimage\"},\"image\":{\"@id\":\"https:\\\/\\\/letbek.com\\\/da\\\/shop\\\/letbek-kabelbeskyttelse\\\/kabelafdaek-da\\\/kabelafdaek-rod-400x20-mm-i-rl-a-50-mtr-copy\\\/#primaryimage\"},\"thumbnailUrl\":\"https:\\\/\\\/letbek.com\\\/wp-content\\\/uploads\\\/2024\\\/03\\\/Markeringsband-Violet_Pas-Pa-Herunder-Fjernvarme.png\",\"datePublished\":\"2024-08-27T10:28:49+00:00\",\"dateModified\":\"2025-06-02T11:39:55+00:00\",\"description\":\"Violet kabelafd\u00e6k i 400\u00d720 mm fremstillet i genanvendt plast. En robust og milj\u00f8venlig l\u00f8sning til sikker kabelf\u00f8ring og afm\u00e6rkning\",\"breadcrumb\":{\"@id\":\"https:\\\/\\\/letbek.com\\\/da\\\/shop\\\/letbek-kabelbeskyttelse\\\/kabelafdaek-da\\\/kabelafdaek-rod-400x20-mm-i-rl-a-50-mtr-copy\\\/#breadcrumb\"},\"inLanguage\":\"da-DK\",\"potentialAction\":[{\"@type\":\"ReadAction\",\"target\":[\"https:\\\/\\\/letbek.com\\\/da\\\/shop\\\/letbek-kabelbeskyttelse\\\/kabelafdaek-da\\\/kabelafdaek-rod-400x20-mm-i-rl-a-50-mtr-copy\\\/\"]}]},{\"@type\":\"ImageObject\",\"inLanguage\":\"da-DK\",\"@id\":\"https:\\\/\\\/letbek.com\\\/da\\\/shop\\\/letbek-kabelbeskyttelse\\\/kabelafdaek-da\\\/kabelafdaek-rod-400x20-mm-i-rl-a-50-mtr-copy\\\/#primaryimage\",\"url\":\"https:\\\/\\\/letbek.com\\\/wp-content\\\/uploads\\\/2024\\\/03\\\/Markeringsband-Violet_Pas-Pa-Herunder-Fjernvarme.png\",\"contentUrl\":\"https:\\\/\\\/letbek.com\\\/wp-content\\\/uploads\\\/2024\\\/03\\\/Markeringsband-Violet_Pas-Pa-Herunder-Fjernvarme.png\",\"width\":1920,\"height\":1076},{\"@type\":\"BreadcrumbList\",\"@id\":\"https:\\\/\\\/letbek.com\\\/da\\\/shop\\\/letbek-kabelbeskyttelse\\\/kabelafdaek-da\\\/kabelafdaek-rod-400x20-mm-i-rl-a-50-mtr-copy\\\/#breadcrumb\",\"itemListElement\":[{\"@type\":\"ListItem\",\"position\":1,\"name\":\"Home\",\"item\":\"https:\\\/\\\/letbek.com\\\/da\\\/\"},{\"@type\":\"ListItem\",\"position\":2,\"name\":\"Varer\",\"item\":\"https:\\\/\\\/letbek.com\\\/da\\\/shop\\\/\"},{\"@type\":\"ListItem\",\"position\":3,\"name\":\"Kabelafd\u00e6k &#8211; Violet &#8211; 100&#215;1,5 mm i rl. \u00e1 50 mtr.\"}]},{\"@type\":\"WebSite\",\"@id\":\"https:\\\/\\\/letbek.com\\\/da\\\/#website\",\"url\":\"https:\\\/\\\/letbek.com\\\/da\\\/\",\"name\":\"LETBEK\",\"description\":\"Re-imagineering plastic\",\"publisher\":{\"@id\":\"https:\\\/\\\/letbek.com\\\/da\\\/#organization\"},\"potentialAction\":[{\"@type\":\"SearchAction\",\"target\":{\"@type\":\"EntryPoint\",\"urlTemplate\":\"https:\\\/\\\/letbek.com\\\/da\\\/?s={search_term_string}\"},\"query-input\":{\"@type\":\"PropertyValueSpecification\",\"valueRequired\":true,\"valueName\":\"search_term_string\"}}],\"inLanguage\":\"da-DK\"},{\"@type\":\"Organization\",\"@id\":\"https:\\\/\\\/letbek.com\\\/da\\\/#organization\",\"name\":\"LETBEK\",\"url\":\"https:\\\/\\\/letbek.com\\\/da\\\/\",\"logo\":{\"@type\":\"ImageObject\",\"inLanguage\":\"da-DK\",\"@id\":\"https:\\\/\\\/letbek.com\\\/da\\\/#\\\/schema\\\/logo\\\/image\\\/\",\"url\":\"https:\\\/\\\/letbek.com\\\/wp-content\\\/uploads\\\/2025\\\/08\\\/Ny-logo-1.webp\",\"contentUrl\":\"https:\\\/\\\/letbek.com\\\/wp-content\\\/uploads\\\/2025\\\/08\\\/Ny-logo-1.webp\",\"width\":1920,\"height\":424,\"caption\":\"LETBEK\"},\"image\":{\"@id\":\"https:\\\/\\\/letbek.com\\\/da\\\/#\\\/schema\\\/logo\\\/image\\\/\"}}]}<\/script>\n<!-- \/ Yoast SEO plugin. -->","yoast_head_json":{"title":"Kabelafd\u00e6k 400\u00d720 mm violet \u2013 Genanvendt plast | LETBEK","description":"Violet kabelafd\u00e6k i 400\u00d720 mm fremstillet i genanvendt plast. En robust og milj\u00f8venlig l\u00f8sning til sikker kabelf\u00f8ring og afm\u00e6rkning","robots":{"index":"index","follow":"follow","max-snippet":"max-snippet:-1","max-image-preview":"max-image-preview:large","max-video-preview":"max-video-preview:-1"},"canonical":"https:\/\/letbek.com\/da\/shop\/letbek-kabelbeskyttelse\/kabelafdaek-da\/kabelafdaek-rod-400x20-mm-i-rl-a-50-mtr-copy\/","og_locale":"da_DK","og_type":"article","og_title":"Kabelafd\u00e6k 400\u00d720 mm violet \u2013 Genanvendt plast | LETBEK","og_description":"Violet kabelafd\u00e6k i 400\u00d720 mm fremstillet i genanvendt plast. En robust og milj\u00f8venlig l\u00f8sning til sikker kabelf\u00f8ring og afm\u00e6rkning","og_url":"https:\/\/letbek.com\/da\/shop\/letbek-kabelbeskyttelse\/kabelafdaek-da\/kabelafdaek-rod-400x20-mm-i-rl-a-50-mtr-copy\/","og_site_name":"LETBEK","article_modified_time":"2025-06-02T11:39:55+00:00","og_image":[{"width":1920,"height":1076,"url":"https:\/\/letbek.com\/wp-content\/uploads\/2024\/03\/Markeringsband-Violet_Pas-Pa-Herunder-Fjernvarme.png","type":"image\/png"}],"twitter_card":"summary_large_image","twitter_misc":{"Estimeret l\u00e6setid":"1 minut"},"schema":{"@context":"https:\/\/schema.org","@graph":[{"@type":"WebPage","@id":"https:\/\/letbek.com\/da\/shop\/letbek-kabelbeskyttelse\/kabelafdaek-da\/kabelafdaek-rod-400x20-mm-i-rl-a-50-mtr-copy\/","url":"https:\/\/letbek.com\/da\/shop\/letbek-kabelbeskyttelse\/kabelafdaek-da\/kabelafdaek-rod-400x20-mm-i-rl-a-50-mtr-copy\/","name":"Kabelafd\u00e6k 400\u00d720 mm violet \u2013 Genanvendt plast | LETBEK","isPartOf":{"@id":"https:\/\/letbek.com\/da\/#website"},"primaryImageOfPage":{"@id":"https:\/\/letbek.com\/da\/shop\/letbek-kabelbeskyttelse\/kabelafdaek-da\/kabelafdaek-rod-400x20-mm-i-rl-a-50-mtr-copy\/#primaryimage"},"image":{"@id":"https:\/\/letbek.com\/da\/shop\/letbek-kabelbeskyttelse\/kabelafdaek-da\/kabelafdaek-rod-400x20-mm-i-rl-a-50-mtr-copy\/#primaryimage"},"thumbnailUrl":"https:\/\/letbek.com\/wp-content\/uploads\/2024\/03\/Markeringsband-Violet_Pas-Pa-Herunder-Fjernvarme.png","datePublished":"2024-08-27T10:28:49+00:00","dateModified":"2025-06-02T11:39:55+00:00","description":"Violet kabelafd\u00e6k i 400\u00d720 mm fremstillet i genanvendt plast. En robust og milj\u00f8venlig l\u00f8sning til sikker kabelf\u00f8ring og afm\u00e6rkning","breadcrumb":{"@id":"https:\/\/letbek.com\/da\/shop\/letbek-kabelbeskyttelse\/kabelafdaek-da\/kabelafdaek-rod-400x20-mm-i-rl-a-50-mtr-copy\/#breadcrumb"},"inLanguage":"da-DK","potentialAction":[{"@type":"ReadAction","target":["https:\/\/letbek.com\/da\/shop\/letbek-kabelbeskyttelse\/kabelafdaek-da\/kabelafdaek-rod-400x20-mm-i-rl-a-50-mtr-copy\/"]}]},{"@type":"ImageObject","inLanguage":"da-DK","@id":"https:\/\/letbek.com\/da\/shop\/letbek-kabelbeskyttelse\/kabelafdaek-da\/kabelafdaek-rod-400x20-mm-i-rl-a-50-mtr-copy\/#primaryimage","url":"https:\/\/letbek.com\/wp-content\/uploads\/2024\/03\/Markeringsband-Violet_Pas-Pa-Herunder-Fjernvarme.png","contentUrl":"https:\/\/letbek.com\/wp-content\/uploads\/2024\/03\/Markeringsband-Violet_Pas-Pa-Herunder-Fjernvarme.png","width":1920,"height":1076},{"@type":"BreadcrumbList","@id":"https:\/\/letbek.com\/da\/shop\/letbek-kabelbeskyttelse\/kabelafdaek-da\/kabelafdaek-rod-400x20-mm-i-rl-a-50-mtr-copy\/#breadcrumb","itemListElement":[{"@type":"ListItem","position":1,"name":"Home","item":"https:\/\/letbek.com\/da\/"},{"@type":"ListItem","position":2,"name":"Varer","item":"https:\/\/letbek.com\/da\/shop\/"},{"@type":"ListItem","position":3,"name":"Kabelafd\u00e6k &#8211; Violet &#8211; 100&#215;1,5 mm i rl. \u00e1 50 mtr."}]},{"@type":"WebSite","@id":"https:\/\/letbek.com\/da\/#website","url":"https:\/\/letbek.com\/da\/","name":"LETBEK","description":"Re-imagineering plastic","publisher":{"@id":"https:\/\/letbek.com\/da\/#organization"},"potentialAction":[{"@type":"SearchAction","target":{"@type":"EntryPoint","urlTemplate":"https:\/\/letbek.com\/da\/?s={search_term_string}"},"query-input":{"@type":"PropertyValueSpecification","valueRequired":true,"valueName":"search_term_string"}}],"inLanguage":"da-DK"},{"@type":"Organization","@id":"https:\/\/letbek.com\/da\/#organization","name":"LETBEK","url":"https:\/\/letbek.com\/da\/","logo":{"@type":"ImageObject","inLanguage":"da-DK","@id":"https:\/\/letbek.com\/da\/#\/schema\/logo\/image\/","url":"https:\/\/letbek.com\/wp-content\/uploads\/2025\/08\/Ny-logo-1.webp","contentUrl":"https:\/\/letbek.com\/wp-content\/uploads\/2025\/08\/Ny-logo-1.webp","width":1920,"height":424,"caption":"LETBEK"},"image":{"@id":"https:\/\/letbek.com\/da\/#\/schema\/logo\/image\/"}}]}},"_links":{"self":[{"href":"https:\/\/letbek.com\/da\/wp-json\/wp\/v2\/product\/3185","targetHints":{"allow":["GET"]}}],"collection":[{"href":"https:\/\/letbek.com\/da\/wp-json\/wp\/v2\/product"}],"about":[{"href":"https:\/\/letbek.com\/da\/wp-json\/wp\/v2\/types\/product"}],"wp:featuredmedia":[{"embeddable":true,"href":"https:\/\/letbek.com\/da\/wp-json\/wp\/v2\/media\/2283"}],"wp:attachment":[{"href":"https:\/\/letbek.com\/da\/wp-json\/wp\/v2\/media?parent=3185"}],"wp:term":[{"taxonomy":"product_brand","embeddable":true,"href":"https:\/\/letbek.com\/da\/wp-json\/wp\/v2\/product_brand?post=3185"},{"taxonomy":"product_cat","embeddable":true,"href":"https:\/\/letbek.com\/da\/wp-json\/wp\/v2\/product_cat?post=3185"},{"taxonomy":"product_tag","embeddable":true,"href":"https:\/\/letbek.com\/da\/wp-json\/wp\/v2\/product_tag?post=3185"}],"curies":[{"name":"wp","href":"https:\/\/api.w.org\/{rel}","templated":true}]}}