{"id":1733,"date":"2024-01-23T12:22:38","date_gmt":"2024-01-23T12:22:38","guid":{"rendered":"https:\/\/letbek.com\/shop\/Ikke%20kategoriseret\/walking-plate\/"},"modified":"2025-07-25T08:04:13","modified_gmt":"2025-07-25T08:04:13","slug":"walking-plate","status":"publish","type":"product","link":"https:\/\/letbek.com\/da\/shop\/letbek-trafik\/koereplader-da\/walking-plate\/","title":{"rendered":"Gangplade 60x120cm"},"content":{"rendered":"","protected":false},"excerpt":{"rendered":"<p>Gangpladen er produceret i PE genanvendt plast og har antislip overflade.<\/p>\n<p>Den anvendes steder hvor du \u00f8nsker et sikkert gangareal eller gangsti. p\u00e5 byggepladser, udstillinger, festivalpladser eller andre udend\u00f8rs arrangementer.<\/p>\n","protected":false},"featured_media":15187,"template":"","meta":{"_acf_changed":false,"site-sidebar-layout":"default","site-content-layout":"","ast-site-content-layout":"default","site-content-style":"default","site-sidebar-style":"default","ast-global-header-display":"","ast-banner-title-visibility":"","ast-main-header-display":"","ast-hfb-above-header-display":"","ast-hfb-below-header-display":"","ast-hfb-mobile-header-display":"","site-post-title":"","ast-breadcrumbs-content":"","ast-featured-img":"","footer-sml-layout":"","ast-disable-related-posts":"","theme-transparent-header-meta":"default","adv-header-id-meta":"","stick-header-meta":"default","header-above-stick-meta":"","header-main-stick-meta":"","header-below-stick-meta":"","astra-migrate-meta-layouts":"set","ast-page-background-enabled":"default","ast-page-background-meta":{"desktop":{"background-color":"var(--ast-global-color-4)","background-image":"","background-repeat":"repeat","background-position":"center center","background-size":"auto","background-attachment":"scroll","background-type":"","background-media":"","overlay-type":"","overlay-color":"","overlay-opacity":"","overlay-gradient":""},"tablet":{"background-color":"","background-image":"","background-repeat":"repeat","background-position":"center center","background-size":"auto","background-attachment":"scroll","background-type":"","background-media":"","overlay-type":"","overlay-color":"","overlay-opacity":"","overlay-gradient":""},"mobile":{"background-color":"","background-image":"","background-repeat":"repeat","background-position":"center center","background-size":"auto","background-attachment":"scroll","background-type":"","background-media":"","overlay-type":"","overlay-color":"","overlay-opacity":"","overlay-gradient":""}},"ast-content-background-meta":{"desktop":{"background-color":"var(--ast-global-color-5)","background-image":"","background-repeat":"repeat","background-position":"center center","background-size":"auto","background-attachment":"scroll","background-type":"","background-media":"","overlay-type":"","overlay-color":"","overlay-opacity":"","overlay-gradient":""},"tablet":{"background-color":"var(--ast-global-color-5)","background-image":"","background-repeat":"repeat","background-position":"center center","background-size":"auto","background-attachment":"scroll","background-type":"","background-media":"","overlay-type":"","overlay-color":"","overlay-opacity":"","overlay-gradient":""},"mobile":{"background-color":"var(--ast-global-color-5)","background-image":"","background-repeat":"repeat","background-position":"center center","background-size":"auto","background-attachment":"scroll","background-type":"","background-media":"","overlay-type":"","overlay-color":"","overlay-opacity":"","overlay-gradient":""}}},"product_brand":[],"product_cat":[158,377,122,116],"product_tag":[],"class_list":{"0":"post-1733","1":"product","2":"type-product","3":"status-publish","4":"has-post-thumbnail","6":"product_cat-koereplader-da","7":"product_cat-koereplader","8":"product_cat-letbek-byg","9":"product_cat-letbek-trafik","10":"desktop-align-left","11":"tablet-align-left","12":"mobile-align-left","13":"ast-product-gallery-layout-vertical-slider","14":"ast-product-tabs-layout-vertical","15":"ast-qv-on-image","17":"first","18":"instock","19":"taxable","20":"shipping-taxable","21":"purchasable","22":"product-type-simple"},"acf":[],"yoast_head":"<!-- This site is optimized with the Yoast SEO plugin v27.5 - https:\/\/yoast.com\/product\/yoast-seo-wordpress\/ -->\n<title>Gangplade 60x120 cm | LETBEK<\/title>\n<meta name=\"description\" content=\"Let og robust gangplade, ideel til sikre gangarealer p\u00e5 byggepladsen. Skridsikker overflade og nem h\u00e5ndtering til professionelle behov.\" \/>\n<meta name=\"robots\" content=\"index, follow, max-snippet:-1, max-image-preview:large, max-video-preview:-1\" \/>\n<link rel=\"canonical\" href=\"https:\/\/letbek.com\/da\/shop\/letbek-trafik\/koereplader-da\/walking-plate\/\" \/>\n<meta property=\"og:locale\" content=\"da_DK\" \/>\n<meta property=\"og:type\" content=\"article\" \/>\n<meta property=\"og:title\" content=\"Gangplade 60x120 cm | LETBEK\" \/>\n<meta property=\"og:description\" content=\"Let og robust gangplade, ideel til sikre gangarealer p\u00e5 byggepladsen. Skridsikker overflade og nem h\u00e5ndtering til professionelle behov.\" \/>\n<meta property=\"og:url\" content=\"https:\/\/letbek.com\/da\/shop\/letbek-trafik\/koereplader-da\/walking-plate\/\" \/>\n<meta property=\"og:site_name\" content=\"LETBEK\" \/>\n<meta property=\"article:modified_time\" content=\"2025-07-25T08:04:13+00:00\" \/>\n<meta property=\"og:image\" content=\"https:\/\/letbek.com\/wp-content\/uploads\/2025\/02\/Letbek-24.06.19.-Produktbilleder6201.webp\" \/>\n\t<meta property=\"og:image:width\" content=\"1920\" \/>\n\t<meta property=\"og:image:height\" content=\"1280\" \/>\n\t<meta property=\"og:image:type\" content=\"image\/webp\" \/>\n<meta name=\"twitter:card\" content=\"summary_large_image\" \/>\n<meta name=\"twitter:label1\" content=\"Estimeret l\u00e6setid\" \/>\n\t<meta name=\"twitter:data1\" content=\"1 minut\" \/>\n<script type=\"application\/ld+json\" class=\"yoast-schema-graph\">{\"@context\":\"https:\\\/\\\/schema.org\",\"@graph\":[{\"@type\":\"WebPage\",\"@id\":\"https:\\\/\\\/letbek.com\\\/da\\\/shop\\\/letbek-trafik\\\/koereplader-da\\\/walking-plate\\\/\",\"url\":\"https:\\\/\\\/letbek.com\\\/da\\\/shop\\\/letbek-trafik\\\/koereplader-da\\\/walking-plate\\\/\",\"name\":\"Gangplade 60x120 cm | LETBEK\",\"isPartOf\":{\"@id\":\"https:\\\/\\\/letbek.com\\\/da\\\/#website\"},\"primaryImageOfPage\":{\"@id\":\"https:\\\/\\\/letbek.com\\\/da\\\/shop\\\/letbek-trafik\\\/koereplader-da\\\/walking-plate\\\/#primaryimage\"},\"image\":{\"@id\":\"https:\\\/\\\/letbek.com\\\/da\\\/shop\\\/letbek-trafik\\\/koereplader-da\\\/walking-plate\\\/#primaryimage\"},\"thumbnailUrl\":\"https:\\\/\\\/letbek.com\\\/wp-content\\\/uploads\\\/2025\\\/02\\\/Letbek-24.06.19.-Produktbilleder6201.webp\",\"datePublished\":\"2024-01-23T12:22:38+00:00\",\"dateModified\":\"2025-07-25T08:04:13+00:00\",\"description\":\"Let og robust gangplade, ideel til sikre gangarealer p\u00e5 byggepladsen. Skridsikker overflade og nem h\u00e5ndtering til professionelle behov.\",\"breadcrumb\":{\"@id\":\"https:\\\/\\\/letbek.com\\\/da\\\/shop\\\/letbek-trafik\\\/koereplader-da\\\/walking-plate\\\/#breadcrumb\"},\"inLanguage\":\"da-DK\",\"potentialAction\":[{\"@type\":\"ReadAction\",\"target\":[\"https:\\\/\\\/letbek.com\\\/da\\\/shop\\\/letbek-trafik\\\/koereplader-da\\\/walking-plate\\\/\"]}]},{\"@type\":\"ImageObject\",\"inLanguage\":\"da-DK\",\"@id\":\"https:\\\/\\\/letbek.com\\\/da\\\/shop\\\/letbek-trafik\\\/koereplader-da\\\/walking-plate\\\/#primaryimage\",\"url\":\"https:\\\/\\\/letbek.com\\\/wp-content\\\/uploads\\\/2025\\\/02\\\/Letbek-24.06.19.-Produktbilleder6201.webp\",\"contentUrl\":\"https:\\\/\\\/letbek.com\\\/wp-content\\\/uploads\\\/2025\\\/02\\\/Letbek-24.06.19.-Produktbilleder6201.webp\",\"width\":1920,\"height\":1280},{\"@type\":\"BreadcrumbList\",\"@id\":\"https:\\\/\\\/letbek.com\\\/da\\\/shop\\\/letbek-trafik\\\/koereplader-da\\\/walking-plate\\\/#breadcrumb\",\"itemListElement\":[{\"@type\":\"ListItem\",\"position\":1,\"name\":\"Home\",\"item\":\"https:\\\/\\\/letbek.com\\\/da\\\/\"},{\"@type\":\"ListItem\",\"position\":2,\"name\":\"Varer\",\"item\":\"https:\\\/\\\/letbek.com\\\/da\\\/shop\\\/\"},{\"@type\":\"ListItem\",\"position\":3,\"name\":\"Gangplade 60x120cm\"}]},{\"@type\":\"WebSite\",\"@id\":\"https:\\\/\\\/letbek.com\\\/da\\\/#website\",\"url\":\"https:\\\/\\\/letbek.com\\\/da\\\/\",\"name\":\"LETBEK\",\"description\":\"Re-imagineering plastic\",\"publisher\":{\"@id\":\"https:\\\/\\\/letbek.com\\\/da\\\/#organization\"},\"potentialAction\":[{\"@type\":\"SearchAction\",\"target\":{\"@type\":\"EntryPoint\",\"urlTemplate\":\"https:\\\/\\\/letbek.com\\\/da\\\/?s={search_term_string}\"},\"query-input\":{\"@type\":\"PropertyValueSpecification\",\"valueRequired\":true,\"valueName\":\"search_term_string\"}}],\"inLanguage\":\"da-DK\"},{\"@type\":\"Organization\",\"@id\":\"https:\\\/\\\/letbek.com\\\/da\\\/#organization\",\"name\":\"LETBEK\",\"url\":\"https:\\\/\\\/letbek.com\\\/da\\\/\",\"logo\":{\"@type\":\"ImageObject\",\"inLanguage\":\"da-DK\",\"@id\":\"https:\\\/\\\/letbek.com\\\/da\\\/#\\\/schema\\\/logo\\\/image\\\/\",\"url\":\"https:\\\/\\\/letbek.com\\\/wp-content\\\/uploads\\\/2025\\\/08\\\/Ny-logo-1.webp\",\"contentUrl\":\"https:\\\/\\\/letbek.com\\\/wp-content\\\/uploads\\\/2025\\\/08\\\/Ny-logo-1.webp\",\"width\":1920,\"height\":424,\"caption\":\"LETBEK\"},\"image\":{\"@id\":\"https:\\\/\\\/letbek.com\\\/da\\\/#\\\/schema\\\/logo\\\/image\\\/\"}}]}<\/script>\n<!-- \/ Yoast SEO plugin. -->","yoast_head_json":{"title":"Gangplade 60x120 cm | LETBEK","description":"Let og robust gangplade, ideel til sikre gangarealer p\u00e5 byggepladsen. Skridsikker overflade og nem h\u00e5ndtering til professionelle behov.","robots":{"index":"index","follow":"follow","max-snippet":"max-snippet:-1","max-image-preview":"max-image-preview:large","max-video-preview":"max-video-preview:-1"},"canonical":"https:\/\/letbek.com\/da\/shop\/letbek-trafik\/koereplader-da\/walking-plate\/","og_locale":"da_DK","og_type":"article","og_title":"Gangplade 60x120 cm | LETBEK","og_description":"Let og robust gangplade, ideel til sikre gangarealer p\u00e5 byggepladsen. Skridsikker overflade og nem h\u00e5ndtering til professionelle behov.","og_url":"https:\/\/letbek.com\/da\/shop\/letbek-trafik\/koereplader-da\/walking-plate\/","og_site_name":"LETBEK","article_modified_time":"2025-07-25T08:04:13+00:00","og_image":[{"width":1920,"height":1280,"url":"https:\/\/letbek.com\/wp-content\/uploads\/2025\/02\/Letbek-24.06.19.-Produktbilleder6201.webp","type":"image\/webp"}],"twitter_card":"summary_large_image","twitter_misc":{"Estimeret l\u00e6setid":"1 minut"},"schema":{"@context":"https:\/\/schema.org","@graph":[{"@type":"WebPage","@id":"https:\/\/letbek.com\/da\/shop\/letbek-trafik\/koereplader-da\/walking-plate\/","url":"https:\/\/letbek.com\/da\/shop\/letbek-trafik\/koereplader-da\/walking-plate\/","name":"Gangplade 60x120 cm | LETBEK","isPartOf":{"@id":"https:\/\/letbek.com\/da\/#website"},"primaryImageOfPage":{"@id":"https:\/\/letbek.com\/da\/shop\/letbek-trafik\/koereplader-da\/walking-plate\/#primaryimage"},"image":{"@id":"https:\/\/letbek.com\/da\/shop\/letbek-trafik\/koereplader-da\/walking-plate\/#primaryimage"},"thumbnailUrl":"https:\/\/letbek.com\/wp-content\/uploads\/2025\/02\/Letbek-24.06.19.-Produktbilleder6201.webp","datePublished":"2024-01-23T12:22:38+00:00","dateModified":"2025-07-25T08:04:13+00:00","description":"Let og robust gangplade, ideel til sikre gangarealer p\u00e5 byggepladsen. Skridsikker overflade og nem h\u00e5ndtering til professionelle behov.","breadcrumb":{"@id":"https:\/\/letbek.com\/da\/shop\/letbek-trafik\/koereplader-da\/walking-plate\/#breadcrumb"},"inLanguage":"da-DK","potentialAction":[{"@type":"ReadAction","target":["https:\/\/letbek.com\/da\/shop\/letbek-trafik\/koereplader-da\/walking-plate\/"]}]},{"@type":"ImageObject","inLanguage":"da-DK","@id":"https:\/\/letbek.com\/da\/shop\/letbek-trafik\/koereplader-da\/walking-plate\/#primaryimage","url":"https:\/\/letbek.com\/wp-content\/uploads\/2025\/02\/Letbek-24.06.19.-Produktbilleder6201.webp","contentUrl":"https:\/\/letbek.com\/wp-content\/uploads\/2025\/02\/Letbek-24.06.19.-Produktbilleder6201.webp","width":1920,"height":1280},{"@type":"BreadcrumbList","@id":"https:\/\/letbek.com\/da\/shop\/letbek-trafik\/koereplader-da\/walking-plate\/#breadcrumb","itemListElement":[{"@type":"ListItem","position":1,"name":"Home","item":"https:\/\/letbek.com\/da\/"},{"@type":"ListItem","position":2,"name":"Varer","item":"https:\/\/letbek.com\/da\/shop\/"},{"@type":"ListItem","position":3,"name":"Gangplade 60x120cm"}]},{"@type":"WebSite","@id":"https:\/\/letbek.com\/da\/#website","url":"https:\/\/letbek.com\/da\/","name":"LETBEK","description":"Re-imagineering plastic","publisher":{"@id":"https:\/\/letbek.com\/da\/#organization"},"potentialAction":[{"@type":"SearchAction","target":{"@type":"EntryPoint","urlTemplate":"https:\/\/letbek.com\/da\/?s={search_term_string}"},"query-input":{"@type":"PropertyValueSpecification","valueRequired":true,"valueName":"search_term_string"}}],"inLanguage":"da-DK"},{"@type":"Organization","@id":"https:\/\/letbek.com\/da\/#organization","name":"LETBEK","url":"https:\/\/letbek.com\/da\/","logo":{"@type":"ImageObject","inLanguage":"da-DK","@id":"https:\/\/letbek.com\/da\/#\/schema\/logo\/image\/","url":"https:\/\/letbek.com\/wp-content\/uploads\/2025\/08\/Ny-logo-1.webp","contentUrl":"https:\/\/letbek.com\/wp-content\/uploads\/2025\/08\/Ny-logo-1.webp","width":1920,"height":424,"caption":"LETBEK"},"image":{"@id":"https:\/\/letbek.com\/da\/#\/schema\/logo\/image\/"}}]}},"_links":{"self":[{"href":"https:\/\/letbek.com\/da\/wp-json\/wp\/v2\/product\/1733","targetHints":{"allow":["GET"]}}],"collection":[{"href":"https:\/\/letbek.com\/da\/wp-json\/wp\/v2\/product"}],"about":[{"href":"https:\/\/letbek.com\/da\/wp-json\/wp\/v2\/types\/product"}],"wp:featuredmedia":[{"embeddable":true,"href":"https:\/\/letbek.com\/da\/wp-json\/wp\/v2\/media\/15187"}],"wp:attachment":[{"href":"https:\/\/letbek.com\/da\/wp-json\/wp\/v2\/media?parent=1733"}],"wp:term":[{"taxonomy":"product_brand","embeddable":true,"href":"https:\/\/letbek.com\/da\/wp-json\/wp\/v2\/product_brand?post=1733"},{"taxonomy":"product_cat","embeddable":true,"href":"https:\/\/letbek.com\/da\/wp-json\/wp\/v2\/product_cat?post=1733"},{"taxonomy":"product_tag","embeddable":true,"href":"https:\/\/letbek.com\/da\/wp-json\/wp\/v2\/product_tag?post=1733"}],"curies":[{"name":"wp","href":"https:\/\/api.w.org\/{rel}","templated":true}]}}